{"id":2144,"date":"2018-05-14T15:01:30","date_gmt":"2018-05-14T13:01:30","guid":{"rendered":"http:\/\/www.sejem-agra.si\/medien\/novinarsko-sredisce\/"},"modified":"2018-06-21T13:08:44","modified_gmt":"2018-06-21T11:08:44","slug":"pressezentrum","status":"publish","type":"page","link":"https:\/\/www.sejem-agra.si\/de\/medien\/pressezentrum\/","title":{"rendered":"Pressezentrum"},"content":{"rendered":"<div class=\"standard_wrapper\">\n<div  class=\"two_third withsmallpadding ppb_header \" style=\"text-align:left;padding:40px 0 40px 0;margin-top:-30px;background-color:#ffffff;color:#000000;\" >\n<div class=\"page_content_wrapper\">\n<div class=\"inner\">\n<div style=\"margin:auto;width:80%\">\n<h2 class=\"ppb_title\" style=\";text-align:left;\">Dobrodo\u0161li<\/h2>\n<div class=\"page_tagline\" style=\"color:#000000;;text-align:left;\">v na\u0161em novinarskem sredi\u0161\u010du<\/div>\n<\/div>\n<\/div>\n<\/div>\n<\/div>\n<\/div>\n<div class=\"standard_wrapper\">\n<div  class=\"two_third withsmallpadding ppb_text\" style=\"text-align:center;padding:0px 0 0px 0;color:#ffffff !important;\" >\n<div class=\"standard_wrapper\">\n<div class=\"page_content_wrapper\">\n<div class=\"inner\">\n<div style=\"margin:auto;width:80%\">\n<hr>\n<\/div>\n<\/div>\n<\/div>\n<\/div>\n<\/div>\n<\/div>\n<div class=\"standard_wrapper\">\n<div  class=\"two_third withsmallpadding ppb_text\" style=\"text-align:left;padding:40px 0 40px 0;\" >\n<div class=\"standard_wrapper\">\n<div class=\"page_content_wrapper\">\n<div class=\"inner\">\n<div style=\"margin:auto;width:80%\">\n<h3>Odprto v \u010dasu trajanja posameznega sejma!<\/h3>\n<p>Novinarsko sredi\u0161\u010de je opremljeno z ra\u010dunalniki, telefonskimi in telefaks priklju\u010dki. V njem so vam na voljo aktualne informacije o strokovnih in spremljevalnih dogajanjih na sejmu, o pomembnih sre\u010danjih ter informacije o razstavljalcih in razstavnem programu sejma.<\/p>\n<p>Ponuja vam tudi mo\u017enost za spro\u0161\u010den klepet s poklicnimi kolegi!<\/p>\n<p>S slu\u017ebenimi izkaznicami je za novinarje prost vstop na sejmi\u0161\u010de in parkirne prostore.<\/p>\n<h3>Kontaktna oseba<\/h3>\n<p><strong>Miran Mate<\/strong><br \/>\nVodja press centra<br \/>\nM: 041 263 107<br \/>\nE: <a href=\"mailto:miran.mate@pomurski-sejem.si\">miran.mate@pomurski-sejem.si<\/a><\/p>\n<\/div>\n<\/div>\n<\/div>\n<\/div>\n<\/div>\n<\/div>\n","protected":false},"excerpt":{"rendered":"<p>Dobrodo\u0161li v na\u0161em novinarskem sredi\u0161\u010du Odprto v \u010dasu trajanja posameznega sejma! Novinarsko sredi\u0161\u010de je opremljeno z ra\u010dunalniki, telefonskimi in telefaks priklju\u010dki. V njem so vam na voljo aktualne informacije o strokovnih in spremljevalnih dogajanjih na sejmu, o pomembnih sre\u010danjih ter [&hellip;]<\/p>\n","protected":false},"author":2,"featured_media":629,"parent":2140,"menu_order":98,"comment_status":"closed","ping_status":"closed","template":"","meta":{"footnotes":"","_links_to":"","_links_to_target":""},"class_list":["post-2144","page","type-page","status-publish","has-post-thumbnail","hentry"],"_links":{"self":[{"href":"https:\/\/www.sejem-agra.si\/de\/wp-json\/wp\/v2\/pages\/2144","targetHints":{"allow":["GET"]}}],"collection":[{"href":"https:\/\/www.sejem-agra.si\/de\/wp-json\/wp\/v2\/pages"}],"about":[{"href":"https:\/\/www.sejem-agra.si\/de\/wp-json\/wp\/v2\/types\/page"}],"author":[{"embeddable":true,"href":"https:\/\/www.sejem-agra.si\/de\/wp-json\/wp\/v2\/users\/2"}],"replies":[{"embeddable":true,"href":"https:\/\/www.sejem-agra.si\/de\/wp-json\/wp\/v2\/comments?post=2144"}],"version-history":[{"count":6,"href":"https:\/\/www.sejem-agra.si\/de\/wp-json\/wp\/v2\/pages\/2144\/revisions"}],"predecessor-version":[{"id":2255,"href":"https:\/\/www.sejem-agra.si\/de\/wp-json\/wp\/v2\/pages\/2144\/revisions\/2255"}],"up":[{"embeddable":true,"href":"https:\/\/www.sejem-agra.si\/de\/wp-json\/wp\/v2\/pages\/2140"}],"wp:featuredmedia":[{"embeddable":true,"href":"https:\/\/www.sejem-agra.si\/de\/wp-json\/wp\/v2\/media\/629"}],"wp:attachment":[{"href":"https:\/\/www.sejem-agra.si\/de\/wp-json\/wp\/v2\/media?parent=2144"}],"curies":[{"name":"wp","href":"https:\/\/api.w.org\/{rel}","templated":true}]}}