{"id":2474,"date":"2018-06-05T15:24:18","date_gmt":"2018-06-05T13:24:18","guid":{"rendered":"http:\/\/www.sejem-agra.si\/legal-notice\/"},"modified":"2019-03-13T08:41:02","modified_gmt":"2019-03-13T07:41:02","slug":"rechtlicher-hinweis","status":"publish","type":"page","link":"https:\/\/www.sejem-agra.si\/de\/rechtlicher-hinweis\/","title":{"rendered":"Rechtlicher Hinweis"},"content":{"rendered":"<div class=\"standard_wrapper\">\n<div  class=\"two_third withsmallpadding ppb_header \" style=\"text-align:left;padding:30px 0 30px 0;\" >\n<div class=\"page_content_wrapper\">\n<div class=\"inner\">\n<div style=\"width:100%\">\n<h2 class=\"ppb_title\" style=\";text-align:left;\">Rechtlicher Hinweis<\/h2>\n<\/div>\n<\/div>\n<\/div>\n<\/div>\n<\/div>\n<div class=\"standard_wrapper\">\n<div  class=\"two_third withsmallpadding ppb_text\" style=\"text-align:left;padding:30px 0 30px 0;\" >\n<div class=\"standard_wrapper\">\n<div class=\"page_content_wrapper\">\n<div class=\"inner\">\n<div style=\"margin:auto;width:100%\">\n<hr \/>\n<\/div>\n<\/div>\n<\/div>\n<\/div>\n<\/div>\n<\/div>\n<div class=\"standard_wrapper\">\n<div  class=\"two_third withsmallpadding ppb_text\" style=\"text-align:left;padding:30px 0 30px 0;\" >\n<div class=\"standard_wrapper\">\n<div class=\"page_content_wrapper\">\n<div class=\"inner\">\n<div style=\"margin:auto;width:100%\">\n<p><strong>Urheberrechte<\/strong><\/p>\n<p>Inhaber des Urheberrechts f\u00fcr Texte, Bilder, Grafiken, Animationen und andere Dokumente, die auf der Website www.pomurski-sejem.si ver\u00f6ffentlicht werden, ist Pomurski sejem d.o.o.. Eine Ausnahme bilden Werbetexte, die durch das Logo juristischer Drittpersonen autorisiert sind und informative Texte, autorisiert durch die Anf\u00fchrung der Autoren, mit denen Pomurski sejem d.o.o. die Ver\u00f6ffentlichung abgesprochen hat.<\/p>\n<p>Alle ver\u00f6ffentlichten Materialien unterliegen in gesetzlich zul\u00e4ssigem Rahmen dem Urheberschutz oder anderen Formen des Schutzes des geistigen Eigentums.<\/p>\n<p>Es ist verboten, den Inhalt dieser Webseiten zu kopieren, zu vervielf\u00e4ltigen, zu \u00e4ndern oder in einer anderen Weise zu reproduzieren; au\u00dfer im Fall einer schriftlichen Zustimmung des Unternehmens Pomurski sejem d.o.o. bzw. im Fall der Autorisierung der ver\u00f6ffentlichten Materialien von Dritten, mit deren Zustimmung.<\/p>\n<p><strong>Nutzungsbedingungen f\u00fcr Informationen und Materialien<\/strong><\/p>\n<p>nformationen und Materialien, die auf den Webseiten www.pomurski-sejem.si dargestellt sind, d\u00fcrfen von Nutzern lediglich zum privaten Gebrauch vom Surfer heruntergeladen werden, wobei andere Hinweise zu Urheberrechten, zu Rechten am geistigen Eigentum oder Mitteilungen zu anderen Rechten nicht ge\u00e4ndert werden d\u00fcrfen. Das Herunterladen und Ausdrucken von Informationen und Materialien f\u00fcr das Betrachten und Lesen ist lediglich f\u00fcr nicht-kommerzielle Zwecke gestattet. Das weitere Kopieren, Verteilen, das erneute Ver\u00f6ffentlichen wie auch \u00c4nderungen von Informationen oder Materialien der Webseite www.pomurski-sejem.si oder deren Versendung per E Mail oder Verbreitung auf eine andere Art und Weise ist ohne vorherige schriftliche Genehmigung verboten. Die Verwendung jeglicher Elemente der Webseite www.pomurski-sejem.si ist zudem ausschlie\u00dflich f\u00fcr den privaten, nichtkommerziellen Gebrauch gestattet.<\/p>\n<p><strong>Haftungsbeschr\u00e4nkung<\/strong><\/p>\n<p>Die Webseiten werden mit gr\u00f6\u00dfter Sorgfalt erstellt, betreut und gewartet. Dennoch kann das Unternehmen Pomurski sejem d.o.o. f\u00fcr die Aktualit\u00e4t, Richtigkeit oder Richtigkeit aller Informationen auf den Seiten keine Haftung \u00fcbernehmen. Alle Informationen auf den Webseiten k\u00f6nnen ohne vorherige Mitteilung ge\u00e4ndert werden. Auch \u00fcbernimmt das Unternehmen Pomurski sejem d.o.o. keine Haftung f\u00fcr etwaige Sch\u00e4den, die direkt oder indirekt durch den Gebrauch, durch Funktionsst\u00f6rungen und\/oder Unzug\u00e4nglichkeit dieser Webseiten entstehen k\u00f6nnten. Das Unternehmen Pomurski sejem d.o.o. haftet auch nicht f\u00fcr Form und Inhalt jener Webseiten, die in irgendeiner Weise mit der Webseite www.pomurski-sejem.si verlinkt sind. Beim Besuch und bei der Nutzung verlinkter Webseiten ist die Haftung des Unternehmens Pomurski sejem d.o.o. in jedem Fall ausgeschlossen.<\/p>\n<p><strong>Automatische Datenverarbeitung<\/strong><\/p>\n<p>Beim Besuch der Webseite werden einige Daten (IP Adresse, Datum, Zeit, Adresse der Webseite, von der Sie kommen), auf dem Server gespeichert. Diese Daten sind anonym und werden nur f\u00fcr statistische Zwecke verwendet.<\/p>\n<p>Unsere Webseiten verwenden \u201cCookies\u201d. Das sind kleine Dateien, die beim Aufrufen von Webseiten auf Ihrem Computer abgelegt werden. Cookies k\u00f6nnen Ihnen zuk\u00fcnftige erneute Besuche unserer Webseite erleichtern. \u00dcber die Einstellungen in Ihrem Browser k\u00f6nnen Sie entscheiden, ob Sie \u201cCookies\u201d akzeptieren oder ablehnen.<\/p>\n<p>Wenn Sie \u201eCookies\u201c ablehnen, sollten Sie beachten, dass es sein kann, dass einige Webseiten nicht richtig oder vollst\u00e4ndig aufgezeigt werden und dass der Zugang zu allen Informationen oder Funktionen der Webseiten nicht m\u00f6glich sein wird.<\/p>\n<p><strong>Datenschutz<\/strong><\/p>\n<p>Das Unternehmen Pomurski sejem d.o.o. verpflichtet sich, personenbezogene Daten, die Sie \u00fcber Newsletter, Presseinformationen, Informationen f\u00fcr Aussteller und Besucher der Webseite Pomurski sejem d.o.o. mit Ihrer klaren und unmissverst\u00e4ndlichen Einwilligung \u00fcbermitteln, im Einklang mit der EU-Datenschutz Grundverordnung (DSGVO) und der \u00fcbrigen in Slowenien und der EU geltenden Gesetzgebung zu behandeln.<\/p>\n<p>Das Unternehmen Pomurski sejem d.o.o. verpflichtet sich, personenbezogene Daten vertraulich zu behandeln und deren m\u00f6glichen Missbrauch zu verhindern. Die Daten werden nur f\u00fcr die Zwecke verwendet, f\u00fcr die Sie Ihre Einwilligung gegeben haben.<\/p>\n<p>Die f\u00fcr die Erhebung und Verarbeitung der Daten verantwortliche juristische Person ist Pomurski sejem d.o.o., Cesta na stadion 2, 9250 Gornja Radgona.<\/p>\n<p>Das Unternehmen Pomurski sejem d.o.o. erhebt ohne Ihre Einwilligung keine personenbezogenen Daten. Als Einwilligung gewertet wird, wenn Sie uns Ihre personenbezogenen Daten freiwillig \u00fcbermitteln (bei der Anmeldung f\u00fcr den Bezug von Presseinformationen und Newsletter, bei der Anmeldung zum Bezug von Informationen f\u00fcr Aussteller und Besucher, bei Gewinnspielen u. \u00e4.) und im konkreten Fall der Verwendung dieser personenbezogenen Daten zustimmen.<\/p>\n<p><strong>Verwendung und Weitergabe personenbezogener Daten<\/strong><\/p>\n<p>Das Unternehmen Pomurski sejem d.o.o. wird Ihre personenbezogenen Daten aus technischen Erfordernissen f\u00fcr die Verwaltung der Webseiten und zur Zusendung von angeforderten Informationen und Angeboten verwenden.<\/p>\n<p>Wenn wir Ihnen spezifische Informationen zur Verf\u00fcgung stellen m\u00f6chten, die in Ihrem Interesse liegen, werden wir mit Ihrer Einwilligung auch unseren Gesch\u00e4ftspartnern Zugriff auf Ihre Kontaktdaten gew\u00e4hren. In diesen F\u00e4llen werden diese Partner auf der Einwilligung eindeutig angegeben. Ihre personenbezogenen Daten werden ausschlie\u00dflich f\u00fcr den Zweck verwendet, f\u00fcr den sie erhoben wurden.<\/p>\n<p><strong>Newsletter, Presseinformationen, Informationen f\u00fcr Aussteller und Besucher<\/strong><\/p>\n<p>Mit Ihrer ausdr\u00fccklichen Einwilligung werden wir Ihnen unsere News in Form der oben angegebenen Formate \u00fcbermitteln, was bedeutet, dass wir Ihnen auch kommerzielle Inhalte zusenden d\u00fcrfen. Personenbezogene Daten, die sie uns zuvor \u00fcbermittelt haben, (z. B. E-Mail-Adresse, Vorname, Nachname, Telefonnummer, Firmenname), werden nur zu Zwecken verwendet, zu denen Sie Ihre Einwilligung gegeben haben. Wenn Sie diese Informationen nicht mehr erhalten m\u00f6chten, k\u00f6nnen Sie sie jederzeit abbestellen, indem Sie auf den Link in der elektronischen Benachrichtigung klicken. In diesem Fall stellen wir die Erhebung Ihrer personenbezogenen Daten ein.<\/p>\n<p>Werden Ihnen Informationen von unserem Gesch\u00e4ftspartner zugesandt, bedeutet dies, dass dieser \u00fcber eine Berechtigung zur Verwendung Ihrer personenbezogenen Daten zu diesem Zweck besitzt. Wir m\u00f6chten Sie darauf hinweisen, dass unser Gesch\u00e4ftspartner verpflichtet ist, Ihre personenbezogenen Daten auf verantwortungsvolle Weise zu sch\u00fctzen und dass er diese nicht f\u00fcr andere Zwecke verwendet darf.<\/p>\n<p><strong>Speicherbegrenzung von personenbezogenen Daten<\/strong><\/p>\n<p>Wir werden Ihre personenbezogenen Daten, f\u00fcr die Sie uns Ihre Einwilligung gegeben haben, im Rahmen eines gesetzlich zul\u00e4ssigen Zeitraumes speichern bzw. bei Ihrer Einwilligung zur Verwendung Ihrer Daten \u00fcber den gesetzlich vorgeschriebenen Zeitraum hinaus, bis Sie die L\u00f6schung Ihrer Daten beantragen.<\/p>\n<p>Entscheidung des Nutzers zur Weitergabe von Daten und Widerruf der Einwilligung zur Datenverarbeitung<\/p>\n<p>Der Nutzer entscheidet, welche Daten er dem Unternehmen Pomurski sejem d.o.o. zur Verf\u00fcgung stellen will.\u00a0 Im Falle einer \u00c4nderung Ihrer personenbezogenen Daten oder sofern Sie Ihre Einwilligung ganz oder teilweise widerrufen m\u00f6chten, teilen Sie uns dies bitte mit, sei es:<br \/>\n&#8211; schriftlich an die Adresse Pomurski sejem d.o.o., Cesta na stadion 2, 9250 Gornja Radgona<br \/>\n&#8211; pers\u00f6nlich, durch einen schriftlichen Antrag am Sitz der Gesellschaft oder<br \/>\n&#8211; durch einen schriftlichen Antrag \u00fcber E-Mail an die E Mail-Adresse info@pomurski- sejem.si.<\/p>\n<p>Wir werden Ihre Daten ab dem Eingangsdatum Ihres Antrages nicht mehr verarbeiten.<\/p>\n<p>Abgesehen von dem Widerrufsrecht haben die Nutzer gem\u00e4\u00df den geltenden Bestimmungen das Recht, Daten einzusehen, das Recht auf Berichtigung und L\u00f6schung, das Recht auf Vergessen, das Recht auf Verarbeitungseinschr\u00e4nkung, das Recht auf Daten\u00fcbertragbarkeit und das Recht auf Widerspruch gegen die Verarbeitung von personenbezogenen Daten, die das Unternehmen Pomurski sejem d.o.o. speichert.<\/p>\n<p><strong>Links zu anderen Websites<\/strong><\/p>\n<p>Die Datenschutzerkl\u00e4rung bezieht sich auf die Webseiten des Unternehmens Pomurski sejem d.o.o.. Diese k\u00f6nnen mit externen Webseiten verlinkt sein. Wenn Sie unsere Website verlassen, \u00fcberpr\u00fcfen Sie die Datenschutzerkl\u00e4rungen auf jeder Website, die Ihre personenbezogenen Daten erfasst hat.<\/p>\n<p><strong>Zus\u00e4tzliche Informationen<\/strong><\/p>\n<p>Haben Sie Fragen zur Wahrung ihrer Privatsph\u00e4re oder zur Datenschutzerkl\u00e4rung in Bezug auf unsere Webseiten oder unsere E-Mail-Benachrichtigungen, dann wenden Sie sich an uns:<br \/>\n&#8211; schriftlich an die Adresse Pomurski sejem d.o.o., Cesta na stadion 2, 9250 Gornja\u00a0 Radgona<br \/>\n&#8211; pers\u00f6nlich, durch einen schriftlichen Antrag am Sitz der Gesellschaft oder<br \/>\n&#8211; durch einen schriftlichen Antrag \u00fcber E-Mail an die E Mail-Adresse info@pomurski- sejem.si.<\/p>\n<p><strong>Allgemein<\/strong><\/p>\n<p>F\u00fcr etwaige Streitigkeiten aus der Nutzung der Website www.pomurski-sejem.si gelten slowenisches und das EU-Recht. F\u00fcr die Schlichtung etwaiger Streitigkeiten ist das Bezirksgericht in Gornja Radgona, Slowenien, zust\u00e4ndig oder ein anderes tats\u00e4chlich zust\u00e4ndiges Gericht oder die zust\u00e4ndige Stelle. Mit der Nutzung der Webseite www.pomurski-sejem.si erkl\u00e4rt sich der Internetnutzer mit den hier angef\u00fchrten Nutzungsbedingungen einverstanden und akzeptiert sie.<\/p>\n<p>Pomurski sejem d.o.o.<br \/>\nCesta na stadion 2<br \/>\nSI-9250 Gornja Radgona<br \/>\nT: +386 (0) 2 564 2 100<br \/>\nF: +386 (0) 2 564 2 160<br \/>\nE: info@pomurski-sejem.si<\/p>\n<\/div>\n<\/div>\n<\/div>\n<\/div>\n<\/div>\n<\/div>\n","protected":false},"excerpt":{"rendered":"<p>Rechtlicher Hinweis Urheberrechte Inhaber des Urheberrechts f\u00fcr Texte, Bilder, Grafiken, Animationen und andere Dokumente, die auf der Website www.pomurski-sejem.si ver\u00f6ffentlicht werden, ist Pomurski sejem d.o.o.. Eine Ausnahme bilden Werbetexte, die durch das Logo juristischer Drittpersonen autorisiert sind und informative Texte, [&hellip;]<\/p>\n","protected":false},"author":5,"featured_media":1156,"parent":0,"menu_order":53,"comment_status":"closed","ping_status":"closed","template":"","meta":{"footnotes":"","_links_to":"","_links_to_target":""},"class_list":["post-2474","page","type-page","status-publish","has-post-thumbnail","hentry"],"_links":{"self":[{"href":"https:\/\/www.sejem-agra.si\/de\/wp-json\/wp\/v2\/pages\/2474","targetHints":{"allow":["GET"]}}],"collection":[{"href":"https:\/\/www.sejem-agra.si\/de\/wp-json\/wp\/v2\/pages"}],"about":[{"href":"https:\/\/www.sejem-agra.si\/de\/wp-json\/wp\/v2\/types\/page"}],"author":[{"embeddable":true,"href":"https:\/\/www.sejem-agra.si\/de\/wp-json\/wp\/v2\/users\/5"}],"replies":[{"embeddable":true,"href":"https:\/\/www.sejem-agra.si\/de\/wp-json\/wp\/v2\/comments?post=2474"}],"version-history":[{"count":5,"href":"https:\/\/www.sejem-agra.si\/de\/wp-json\/wp\/v2\/pages\/2474\/revisions"}],"predecessor-version":[{"id":3879,"href":"https:\/\/www.sejem-agra.si\/de\/wp-json\/wp\/v2\/pages\/2474\/revisions\/3879"}],"wp:featuredmedia":[{"embeddable":true,"href":"https:\/\/www.sejem-agra.si\/de\/wp-json\/wp\/v2\/media\/1156"}],"wp:attachment":[{"href":"https:\/\/www.sejem-agra.si\/de\/wp-json\/wp\/v2\/media?parent=2474"}],"curies":[{"name":"wp","href":"https:\/\/api.w.org\/{rel}","templated":true}]}}